{"id":3,"date":"2023-01-15T20:01:38","date_gmt":"2023-01-15T19:01:38","guid":{"rendered":"http:\/\/www.norexpans.fr\/?page_id=3"},"modified":"2024-08-30T11:43:52","modified_gmt":"2024-08-30T09:43:52","slug":"politique-de-confidentialite","status":"publish","type":"page","link":"https:\/\/www.norexpans.fr\/index.php\/politique-de-confidentialite\/","title":{"rendered":"Politique de confidentialit\u00e9"},"content":{"rendered":"\t\t<div data-elementor-type=\"wp-page\" data-elementor-id=\"3\" class=\"elementor elementor-3\" data-elementor-post-type=\"page\">\n\t\t\t\t\t\t<section class=\"elementor-section elementor-top-section elementor-element elementor-element-31a3ac7e elementor-section-boxed elementor-section-height-default elementor-section-height-default\" data-id=\"31a3ac7e\" data-element_type=\"section\" data-e-type=\"section\">\n\t\t\t\t\t\t<div class=\"elementor-container elementor-column-gap-default\">\n\t\t\t\t\t<div class=\"elementor-column elementor-col-100 elementor-top-column elementor-element elementor-element-48cc81ee\" data-id=\"48cc81ee\" data-element_type=\"column\" data-e-type=\"column\">\n\t\t\t<div class=\"elementor-widget-wrap elementor-element-populated\">\n\t\t\t\t\t\t<div class=\"elementor-element elementor-element-cee2305 elementor-widget elementor-widget-text-editor\" data-id=\"cee2305\" data-element_type=\"widget\" data-e-type=\"widget\" data-widget_type=\"text-editor.default\">\n\t\t\t\t<div class=\"elementor-widget-container\">\n\t\t\t\t\t\t\t\t\t<p><\/p>\n<p><\/p>\n<h2 class=\"wp-block-heading\"><\/h2>\n<div class=\"poket-single-blog-title\">\n<h2 class=\"wp-block-heading\"><br><\/h2>\n<p><img fetchpriority=\"high\" decoding=\"async\" class=\"alignnone size-medium wp-image-61\" src=\"https:\/\/www.norexpans.fr\/wp-content\/uploads\/2023\/01\/1-300x270.png\" alt=\"\" width=\"300\" height=\"270\" srcset=\"https:\/\/www.norexpans.fr\/wp-content\/uploads\/2023\/01\/1-300x270.png 300w, https:\/\/www.norexpans.fr\/wp-content\/uploads\/2023\/01\/1-1024x923.png 1024w, https:\/\/www.norexpans.fr\/wp-content\/uploads\/2023\/01\/1-768x692.png 768w, https:\/\/www.norexpans.fr\/wp-content\/uploads\/2023\/01\/1-1536x1385.png 1536w, https:\/\/www.norexpans.fr\/wp-content\/uploads\/2023\/01\/1-2048x1846.png 2048w\" sizes=\"(max-width: 300px) 100vw, 300px\" \/><\/p>\n<\/div>\n<div class=\"poket-single-blog-content\">\n<div class=\"single-blog-content\">\n<div class=\"elementor elementor-3\" data-elementor-type=\"wp-page\" data-elementor-id=\"3\">\n<section class=\"elementor-section elementor-top-section elementor-element elementor-element-565c7657 elementor-section-boxed elementor-section-height-default elementor-section-height-default\" data-id=\"565c7657\" data-element_type=\"section\">\n<div class=\"elementor-container elementor-column-gap-default\">\n<div class=\"elementor-column elementor-col-100 elementor-top-column elementor-element elementor-element-3f236425\" data-id=\"3f236425\" data-element_type=\"column\">\n<div class=\"elementor-widget-wrap elementor-element-populated\">\n<div class=\"elementor-element elementor-element-749ca796 elementor-widget elementor-widget-text-editor\" data-id=\"749ca796\" data-element_type=\"widget\" data-widget_type=\"text-editor.default\">\n<div class=\"elementor-widget-container\">\n<div class=\"poket-single-blog-title\">\n<h2 class=\"wp-block-heading\">Politique de confidentialit\u00e9<\/h2>\n<\/div>\n<div class=\"poket-single-blog-content\">\n<div class=\"single-blog-content\">\n<div class=\"elementor elementor-14471\" data-elementor-type=\"wp-page\" data-elementor-id=\"14471\" data-elementor-post-type=\"page\">\n<section class=\"elementor-section elementor-top-section elementor-element elementor-element-6df202a2 elementor-section-boxed elementor-section-height-default elementor-section-height-default\" data-id=\"6df202a2\" data-element_type=\"section\">\n<div class=\"elementor-container elementor-column-gap-default\">\n<div class=\"elementor-column elementor-col-100 elementor-top-column elementor-element elementor-element-6a333056\" data-id=\"6a333056\" data-element_type=\"column\">\n<div class=\"elementor-widget-wrap elementor-element-populated\">\n<div class=\"elementor-element elementor-element-5a97bd91 elementor-widget elementor-widget-text-editor\" data-id=\"5a97bd91\" data-element_type=\"widget\" data-widget_type=\"text-editor.default\">\n<div class=\"elementor-widget-container\">\n<p><strong>Date d\u2019entr\u00e9e en vigueur 05 mai 2024<\/strong><\/p>\n<p>Cette politique de confidentialit\u00e9 d\u00e9crit les politiques de <strong>NOREXPANS<\/strong><\/p>\n<p><b>Contact&nbsp;<\/b><strong style=\"color: var( --e-global-color-text ); font-family: var( --e-global-typography-text-font-family ), Sans-serif; font-size: var( --e-global-typography-text-font-size ); font-style: var( --e-global-typography-text-font-style ); letter-spacing: var( --e-global-typography-text-letter-spacing ); text-transform: var( --e-global-typography-text-text-transform ); background-color: var( --e-global-color-c696dce );\">: <a href=\"mailto:contact@norexpans.fr\">contact@norexpans.fr<\/a><\/strong><\/p>\n<p>sur la collecte, l\u2019utilisation et la divulgation de vos informations que nous collectons lorsque vous utilisez notre site internet : <a href=\"https:\/\/www.norexpans.fr\/\">https:\/\/www.norexpans.fr\/ <\/a><\/p>\n<p>En acc\u00e9dant ou en utilisant le Service, vous consentez \u00e0 la collecte, \u00e0 l\u2019utilisation et \u00e0 la divulgation de vos informations conform\u00e9ment \u00e0 la pr\u00e9sente Politique de confidentialit\u00e9.<\/p>\n<p>Si vous ne consentez pas \u00e0 la m\u00eame chose, veuillez ne pas acc\u00e9der ou utiliser le Service.<br>Nous pouvons modifier cette politique de confidentialit\u00e9 \u00e0 tout moment sans pr\u00e9avis et publierons la politique de confidentialit\u00e9 r\u00e9vis\u00e9e sur le service.<\/p>\n<p>La politique r\u00e9vis\u00e9e entrera en vigueur 180 jours \u00e0 compter de la publication de la politique r\u00e9vis\u00e9e dans le service et votre acc\u00e8s ou utilisation continus du service apr\u00e8s cette p\u00e9riode constituera votre acceptation de la politique de confidentialit\u00e9 r\u00e9vis\u00e9e.<\/p>\n<p>Nous vous recommandons donc de consulter p\u00e9riodiquement cette page.<\/p>\n<h2>Informations que nous recueillons&nbsp;:<\/h2>\n<p>Nous collecterons et traiterons les informations personnelles suivantes vous concernant :<\/p>\n<p><strong>Nom<\/strong><br><strong>E-mail<\/strong><br><strong>Mobile<\/strong><br><strong>Adresse<\/strong><br><strong>Adresse professionnelle<\/strong><\/p>\n<h2>Comment nous utilisons vos informations&nbsp;:<\/h2>\n<p><\/p>\n<p><strong>Norexpans s&rsquo;engage \u00e0 prot\u00e9ger et \u00e0 respecter votre vie priv\u00e9e. Nous n&rsquo;utiliserons vos renseignements personnels que dans le cadre de votre projet et vous fournir les produits et services demand\u00e9s.<\/strong><\/p>\n<p><strong>Ponctuellement, nous vous contacterons au sujet de nos produits et services, ainsi que d&rsquo;autres contenus susceptibles de vous int\u00e9resser.<\/strong><\/p>\n<p><strong>Vous pouvez vous d\u00e9sabonner de ces communications \u00e0 tout moment. <\/strong><\/p>\n<p>Nous utiliserons les informations que nous recueillons \u00e0 votre sujet aux fins suivantes :<\/p>\n<p>Appliquer les CG<br>Soutien<br>Informations administratives<br>G\u00e9rer la commande client<br>R\u00e8glement des diff\u00e9rends<\/p>\n<p>Si nous souhaitons utiliser vos informations \u00e0 d\u2019autres fins, nous vous demanderons votre consentement et n\u2019utiliserons vos informations qu\u2019apr\u00e8s avoir re\u00e7u votre consentement, puis uniquement aux fins pour lesquelles nous accordons votre consentement, sauf si nous sommes tenus de faire autrement par loi.<\/p>\n<h2>Conservation de vos informations&nbsp;:<\/h2>\n<p>Nous conserverons vos informations personnelles avec nous pendant 90 jours \u00e0 2 ans apr\u00e8s que les utilisateurs ont r\u00e9sili\u00e9 leurs comptes ou aussi longtemps que nous en aurons besoin pour remplir les objectifs pour lesquels elles ont \u00e9t\u00e9 collect\u00e9es, comme indiqu\u00e9 dans la pr\u00e9sente politique de confidentialit\u00e9.<\/p>\n<p>Nous pouvons \u00eatre amen\u00e9s \u00e0 conserver certaines informations pendant des p\u00e9riodes plus longues telles que la tenue de registres\/rapports conform\u00e9ment \u00e0 la loi applicable ou pour d\u2019autres raisons l\u00e9gitimes telles que l\u2019application des droits l\u00e9gaux, la pr\u00e9vention de la fraude, etc. Les informations anonymes r\u00e9siduelles et les informations agr\u00e9g\u00e9es, qui ne vous identifient pas (directement ou indirectement), peuvent \u00eatre stock\u00e9es ind\u00e9finiment.<\/p>\n<h2>Vos droits:<\/h2>\n<p>Selon la loi applicable, vous pouvez avoir un droit d\u2019acc\u00e8s et de rectification ou d\u2019effacement de vos donn\u00e9es personnelles ou recevoir une copie de vos donn\u00e9es personnelles, restreindre ou vous opposer au traitement actif de vos donn\u00e9es, nous demander de partager (porter) vos donn\u00e9es personnelles informations \u00e0 une autre entit\u00e9, retirer tout consentement que vous nous avez fourni pour traiter vos donn\u00e9es, un droit de d\u00e9poser une plainte aupr\u00e8s d\u2019une autorit\u00e9 statutaire et tout autre droit qui peut \u00eatre pertinent en vertu des lois applicables. Pour exercer ces droits, vous pouvez nous \u00e9crire \u00e0 <a href=\"mailto:contact@norexpans.fr\" target=\"_blank\" rel=\"noopener\">contact@norexpans.fr<\/a><\/p>\n<p>Nous r\u00e9pondrons \u00e0 votre demande conform\u00e9ment \u00e0 la loi applicable.<\/p>\n<p>Notez que si vous ne nous autorisez pas \u00e0 collecter ou \u00e0 traiter les informations personnelles requises ou si vous retirez le consentement \u00e0 les traiter aux fins requises, vous ne pourrez peut-\u00eatre pas acc\u00e9der ou utiliser les services pour lesquels vos informations ont \u00e9t\u00e9 recherch\u00e9es.<\/p>\n<h2>Cookies :<\/h2>\n<p>Pour en savoir plus sur la fa\u00e7on dont nous les utilisons et sur vos choix par rapport \u00e0 ces technologies de suivi, veuillez vous r\u00e9f\u00e9rer \u00e0 notre politique en mati\u00e8re de cookies.<\/p>\n<h3>Que sont les cookies ?<\/h3>\n<p>Cette politique en mati\u00e8re de cookies explique ce que sont les cookies et comment nous les utilisons, les types de cookies que nous utilisons, c\u2019est-\u00e0-dire les informations que nous collectons \u00e0 l\u2019aide de cookies et comment ces informations sont utilis\u00e9es, et comment g\u00e9rer les param\u00e8tres des cookies.<br>Les cookies sont de petits fichiers texte utilis\u00e9s pour stocker de petites informations. Ils sont stock\u00e9s sur votre appareil lorsque le site Web est charg\u00e9 sur votre navigateur. Ces cookies nous aident \u00e0 faire fonctionner correctement le site Web, \u00e0 le rendre plus s\u00e9curis\u00e9, \u00e0 offrir une meilleure exp\u00e9rience utilisateur et \u00e0 comprendre comment le site Web fonctionne et \u00e0 analyser ce qui fonctionne et o\u00f9 il doit \u00eatre am\u00e9lior\u00e9.<\/p>\n<h3>Comment utilisons-nous les cookies ?<\/h3>\n<p>Comme la plupart des services en ligne, notre site Web utilise des cookies propri\u00e9taires et tiers \u00e0 plusieurs fins. Les cookies de premi\u00e8re partie sont principalement n\u00e9cessaires au bon fonctionnement du site Web et ne collectent aucune de vos donn\u00e9es personnellement identifiables.<br>Les cookies tiers utilis\u00e9s sur notre site Web servent principalement \u00e0 comprendre le fonctionnement du site Web, la fa\u00e7on dont vous interagissez avec notre site Web, \u00e0 assurer la s\u00e9curit\u00e9 de nos services, \u00e0 fournir des publicit\u00e9s pertinentes pour vous et, dans l\u2019ensemble, \u00e0 vous fournir un utilisateur meilleur et am\u00e9lior\u00e9. exp\u00e9rience et aider \u00e0 acc\u00e9l\u00e9rer vos futures interactions avec notre site Web.<\/p>\n<h4>Types de cookies que nous utilisons&nbsp;<\/h4>\n<h4>G\u00e9rer les pr\u00e9f\u00e9rences en mati\u00e8re de cookies<\/h4>\n<h4>Param\u00e8tres des cookies<\/h4>\n<p>Vous pouvez modifier vos pr\u00e9f\u00e9rences en mati\u00e8re de cookies \u00e0 tout moment en cliquant sur le bouton ci-dessus. Cela vous permettra de revoir la banni\u00e8re de consentement aux cookies et de modifier vos pr\u00e9f\u00e9rences ou de retirer votre consentement imm\u00e9diatement.<br>En plus de cela, diff\u00e9rents navigateurs proposent diff\u00e9rentes m\u00e9thodes pour bloquer et supprimer les cookies utilis\u00e9s par les sites Web. Vous pouvez modifier les param\u00e8tres de votre navigateur pour bloquer\/supprimer les cookies. Vous trouverez ci-dessous les liens vers les documents d\u2019assistance sur la gestion et la suppression des cookies des principaux navigateurs Web.<\/p>\n<h2>S\u00e9curit\u00e9:<\/h2>\n<p>La s\u00e9curit\u00e9 de vos informations est importante pour nous et nous utiliserons des mesures de s\u00e9curit\u00e9 raisonnables pour emp\u00eacher la perte, l\u2019utilisation abusive ou la modification non autoris\u00e9e de vos informations sous notre contr\u00f4le. Cependant, compte tenu des risques inh\u00e9rents, nous ne pouvons garantir une s\u00e9curit\u00e9 absolue et par cons\u00e9quent, nous ne pouvons assurer ou garantir la s\u00e9curit\u00e9 des informations que vous nous transmettez et vous le faites \u00e0 vos risques et p\u00e9rils.<\/p>\n<h2>Liens tiers et utilisation de vos informations&nbsp;:<\/h2>\n<p>Notre service peut contenir des liens vers d\u2019autres sites Web qui ne sont pas exploit\u00e9s par nous. Cette politique de confidentialit\u00e9 ne traite pas de la politique de confidentialit\u00e9 et des autres pratiques de tiers, y compris de tout tiers exploitant un site Web ou un service pouvant \u00eatre accessible via un lien sur le service. Nous vous conseillons vivement de consulter la politique de confidentialit\u00e9 de chaque site que vous visitez. Nous n\u2019avons aucun contr\u00f4le et n\u2019assumons aucune responsabilit\u00e9 quant au contenu, aux politiques de confidentialit\u00e9 ou aux pratiques des sites ou services tiers.<\/p>\n<p>Grief \/ D\u00e9l\u00e9gu\u00e9 \u00e0 la protection des donn\u00e9es :<\/p>\n<p>Si vous avez des questions ou des pr\u00e9occupations concernant le traitement de vos informations disponibles chez nous, vous pouvez envoyer un e-mail \u00e0 notre responsable des r\u00e9clamations \u00e0 :<strong> NOREXPANS, e-mail : <a href=\"mailto:contact@norexpans.fr\" target=\"_blank\" rel=\"noopener\">contact@norexpans.fr<\/a><\/strong><\/p>\n<p>Nous r\u00e9pondrons \u00e0 vos pr\u00e9occupations conform\u00e9ment \u00e0 la loi applicable.<\/p>\n<\/div>\n<\/div>\n<\/div>\n<\/div>\n<\/div>\n<\/section>\n<\/div>\n<\/div>\n<\/div>\n<\/div>\n<\/div>\n<\/div>\n<\/div>\n<\/div>\n<\/section>\n<\/div>\n<\/div>\n<\/div>\n<h2 class=\"wp-block-heading\"><\/h2>\n<p><\/p>\t\t\t\t\t\t\t\t<\/div>\n\t\t\t\t<\/div>\n\t\t\t\t\t<\/div>\n\t\t<\/div>\n\t\t\t\t\t<\/div>\n\t\t<\/section>\n\t\t\t\t<\/div>\n\t\t","protected":false},"excerpt":{"rendered":"","protected":false},"author":1,"featured_media":0,"parent":0,"menu_order":0,"comment_status":"closed","ping_status":"open","template":"","meta":{"content-type":"","footnotes":""},"class_list":["post-3","page","type-page","status-publish","hentry"],"yoast_head":"<!-- This site is optimized with the Yoast SEO plugin v26.9 - https:\/\/yoast.com\/product\/yoast-seo-wordpress\/ -->\n<title>Politique de confidentialit\u00e9 - Norexpans - Votre partenaire croissance<\/title>\n<meta name=\"description\" content=\"Politique de confidentialit\u00e9s - Norexpans - Cabinet de conseil en d\u00e9veloppement commercial, engag\u00e9 pour la relocalisation.\" \/>\n<meta name=\"robots\" content=\"index, follow, max-snippet:-1, max-image-preview:large, max-video-preview:-1\" \/>\n<link rel=\"canonical\" href=\"https:\/\/www.norexpans.fr\/index.php\/politique-de-confidentialite\/\" \/>\n<meta property=\"og:locale\" content=\"fr_FR\" \/>\n<meta property=\"og:type\" content=\"article\" \/>\n<meta property=\"og:title\" content=\"Politique de confidentialit\u00e9 - Norexpans - Votre partenaire croissance\" \/>\n<meta property=\"og:description\" content=\"Politique de confidentialit\u00e9s - Norexpans - Cabinet de conseil en d\u00e9veloppement commercial, engag\u00e9 pour la relocalisation.\" \/>\n<meta property=\"og:url\" content=\"https:\/\/www.norexpans.fr\/index.php\/politique-de-confidentialite\/\" \/>\n<meta property=\"og:site_name\" content=\"Norexpans\" \/>\n<meta property=\"article:modified_time\" content=\"2024-08-30T09:43:52+00:00\" \/>\n<meta property=\"og:image\" content=\"https:\/\/www.norexpans.fr\/wp-content\/uploads\/2023\/01\/1-300x270.png\" \/>\n<meta name=\"twitter:card\" content=\"summary_large_image\" \/>\n<meta name=\"twitter:label1\" content=\"Dur\u00e9e de lecture estim\u00e9e\" \/>\n\t<meta name=\"twitter:data1\" content=\"7 minutes\" \/>\n<script type=\"application\/ld+json\" class=\"yoast-schema-graph\">{\"@context\":\"https:\/\/schema.org\",\"@graph\":[{\"@type\":\"WebPage\",\"@id\":\"https:\/\/www.norexpans.fr\/index.php\/politique-de-confidentialite\/\",\"url\":\"https:\/\/www.norexpans.fr\/index.php\/politique-de-confidentialite\/\",\"name\":\"Politique de confidentialit\u00e9 - Norexpans - Votre partenaire croissance\",\"isPartOf\":{\"@id\":\"https:\/\/www.norexpans.fr\/#website\"},\"primaryImageOfPage\":{\"@id\":\"https:\/\/www.norexpans.fr\/index.php\/politique-de-confidentialite\/#primaryimage\"},\"image\":{\"@id\":\"https:\/\/www.norexpans.fr\/index.php\/politique-de-confidentialite\/#primaryimage\"},\"thumbnailUrl\":\"https:\/\/www.norexpans.fr\/wp-content\/uploads\/2023\/01\/1-300x270.png\",\"datePublished\":\"2023-01-15T19:01:38+00:00\",\"dateModified\":\"2024-08-30T09:43:52+00:00\",\"description\":\"Politique de confidentialit\u00e9s - Norexpans - Cabinet de conseil en d\u00e9veloppement commercial, engag\u00e9 pour la relocalisation.\",\"breadcrumb\":{\"@id\":\"https:\/\/www.norexpans.fr\/index.php\/politique-de-confidentialite\/#breadcrumb\"},\"inLanguage\":\"fr-FR\",\"potentialAction\":[{\"@type\":\"ReadAction\",\"target\":[\"https:\/\/www.norexpans.fr\/index.php\/politique-de-confidentialite\/\"]}]},{\"@type\":\"ImageObject\",\"inLanguage\":\"fr-FR\",\"@id\":\"https:\/\/www.norexpans.fr\/index.php\/politique-de-confidentialite\/#primaryimage\",\"url\":\"https:\/\/www.norexpans.fr\/wp-content\/uploads\/2023\/01\/1.png\",\"contentUrl\":\"https:\/\/www.norexpans.fr\/wp-content\/uploads\/2023\/01\/1.png\",\"width\":2560,\"height\":2308,\"caption\":\"Logo de Norexpans\"},{\"@type\":\"BreadcrumbList\",\"@id\":\"https:\/\/www.norexpans.fr\/index.php\/politique-de-confidentialite\/#breadcrumb\",\"itemListElement\":[{\"@type\":\"ListItem\",\"position\":1,\"name\":\"Accueil\",\"item\":\"https:\/\/www.norexpans.fr\/\"},{\"@type\":\"ListItem\",\"position\":2,\"name\":\"Politique de confidentialit\u00e9\"}]},{\"@type\":\"WebSite\",\"@id\":\"https:\/\/www.norexpans.fr\/#website\",\"url\":\"https:\/\/www.norexpans.fr\/\",\"name\":\"Norexpans\",\"description\":\"Votre partenaire croissance\",\"publisher\":{\"@id\":\"https:\/\/www.norexpans.fr\/#organization\"},\"potentialAction\":[{\"@type\":\"SearchAction\",\"target\":{\"@type\":\"EntryPoint\",\"urlTemplate\":\"https:\/\/www.norexpans.fr\/?s={search_term_string}\"},\"query-input\":{\"@type\":\"PropertyValueSpecification\",\"valueRequired\":true,\"valueName\":\"search_term_string\"}}],\"inLanguage\":\"fr-FR\"},{\"@type\":\"Organization\",\"@id\":\"https:\/\/www.norexpans.fr\/#organization\",\"name\":\"Norexpans\",\"url\":\"https:\/\/www.norexpans.fr\/\",\"logo\":{\"@type\":\"ImageObject\",\"inLanguage\":\"fr-FR\",\"@id\":\"https:\/\/www.norexpans.fr\/#\/schema\/logo\/image\/\",\"url\":\"https:\/\/www.norexpans.fr\/wp-content\/uploads\/2023\/01\/image001.png\",\"contentUrl\":\"https:\/\/www.norexpans.fr\/wp-content\/uploads\/2023\/01\/image001.png\",\"width\":250,\"height\":225,\"caption\":\"Norexpans\"},\"image\":{\"@id\":\"https:\/\/www.norexpans.fr\/#\/schema\/logo\/image\/\"},\"sameAs\":[\"https:\/\/www.linkedin.com\/company\/norexpans\"]}]}<\/script>\n<!-- \/ Yoast SEO plugin. -->","yoast_head_json":{"title":"Politique de confidentialit\u00e9 - Norexpans - Votre partenaire croissance","description":"Politique de confidentialit\u00e9s - Norexpans - Cabinet de conseil en d\u00e9veloppement commercial, engag\u00e9 pour la relocalisation.","robots":{"index":"index","follow":"follow","max-snippet":"max-snippet:-1","max-image-preview":"max-image-preview:large","max-video-preview":"max-video-preview:-1"},"canonical":"https:\/\/www.norexpans.fr\/index.php\/politique-de-confidentialite\/","og_locale":"fr_FR","og_type":"article","og_title":"Politique de confidentialit\u00e9 - Norexpans - Votre partenaire croissance","og_description":"Politique de confidentialit\u00e9s - Norexpans - Cabinet de conseil en d\u00e9veloppement commercial, engag\u00e9 pour la relocalisation.","og_url":"https:\/\/www.norexpans.fr\/index.php\/politique-de-confidentialite\/","og_site_name":"Norexpans","article_modified_time":"2024-08-30T09:43:52+00:00","og_image":[{"url":"https:\/\/www.norexpans.fr\/wp-content\/uploads\/2023\/01\/1-300x270.png","type":"","width":"","height":""}],"twitter_card":"summary_large_image","twitter_misc":{"Dur\u00e9e de lecture estim\u00e9e":"7 minutes"},"schema":{"@context":"https:\/\/schema.org","@graph":[{"@type":"WebPage","@id":"https:\/\/www.norexpans.fr\/index.php\/politique-de-confidentialite\/","url":"https:\/\/www.norexpans.fr\/index.php\/politique-de-confidentialite\/","name":"Politique de confidentialit\u00e9 - Norexpans - Votre partenaire croissance","isPartOf":{"@id":"https:\/\/www.norexpans.fr\/#website"},"primaryImageOfPage":{"@id":"https:\/\/www.norexpans.fr\/index.php\/politique-de-confidentialite\/#primaryimage"},"image":{"@id":"https:\/\/www.norexpans.fr\/index.php\/politique-de-confidentialite\/#primaryimage"},"thumbnailUrl":"https:\/\/www.norexpans.fr\/wp-content\/uploads\/2023\/01\/1-300x270.png","datePublished":"2023-01-15T19:01:38+00:00","dateModified":"2024-08-30T09:43:52+00:00","description":"Politique de confidentialit\u00e9s - Norexpans - Cabinet de conseil en d\u00e9veloppement commercial, engag\u00e9 pour la relocalisation.","breadcrumb":{"@id":"https:\/\/www.norexpans.fr\/index.php\/politique-de-confidentialite\/#breadcrumb"},"inLanguage":"fr-FR","potentialAction":[{"@type":"ReadAction","target":["https:\/\/www.norexpans.fr\/index.php\/politique-de-confidentialite\/"]}]},{"@type":"ImageObject","inLanguage":"fr-FR","@id":"https:\/\/www.norexpans.fr\/index.php\/politique-de-confidentialite\/#primaryimage","url":"https:\/\/www.norexpans.fr\/wp-content\/uploads\/2023\/01\/1.png","contentUrl":"https:\/\/www.norexpans.fr\/wp-content\/uploads\/2023\/01\/1.png","width":2560,"height":2308,"caption":"Logo de Norexpans"},{"@type":"BreadcrumbList","@id":"https:\/\/www.norexpans.fr\/index.php\/politique-de-confidentialite\/#breadcrumb","itemListElement":[{"@type":"ListItem","position":1,"name":"Accueil","item":"https:\/\/www.norexpans.fr\/"},{"@type":"ListItem","position":2,"name":"Politique de confidentialit\u00e9"}]},{"@type":"WebSite","@id":"https:\/\/www.norexpans.fr\/#website","url":"https:\/\/www.norexpans.fr\/","name":"Norexpans","description":"Votre partenaire croissance","publisher":{"@id":"https:\/\/www.norexpans.fr\/#organization"},"potentialAction":[{"@type":"SearchAction","target":{"@type":"EntryPoint","urlTemplate":"https:\/\/www.norexpans.fr\/?s={search_term_string}"},"query-input":{"@type":"PropertyValueSpecification","valueRequired":true,"valueName":"search_term_string"}}],"inLanguage":"fr-FR"},{"@type":"Organization","@id":"https:\/\/www.norexpans.fr\/#organization","name":"Norexpans","url":"https:\/\/www.norexpans.fr\/","logo":{"@type":"ImageObject","inLanguage":"fr-FR","@id":"https:\/\/www.norexpans.fr\/#\/schema\/logo\/image\/","url":"https:\/\/www.norexpans.fr\/wp-content\/uploads\/2023\/01\/image001.png","contentUrl":"https:\/\/www.norexpans.fr\/wp-content\/uploads\/2023\/01\/image001.png","width":250,"height":225,"caption":"Norexpans"},"image":{"@id":"https:\/\/www.norexpans.fr\/#\/schema\/logo\/image\/"},"sameAs":["https:\/\/www.linkedin.com\/company\/norexpans"]}]}},"_links":{"self":[{"href":"https:\/\/www.norexpans.fr\/index.php\/wp-json\/wp\/v2\/pages\/3","targetHints":{"allow":["GET"]}}],"collection":[{"href":"https:\/\/www.norexpans.fr\/index.php\/wp-json\/wp\/v2\/pages"}],"about":[{"href":"https:\/\/www.norexpans.fr\/index.php\/wp-json\/wp\/v2\/types\/page"}],"author":[{"embeddable":true,"href":"https:\/\/www.norexpans.fr\/index.php\/wp-json\/wp\/v2\/users\/1"}],"replies":[{"embeddable":true,"href":"https:\/\/www.norexpans.fr\/index.php\/wp-json\/wp\/v2\/comments?post=3"}],"version-history":[{"count":18,"href":"https:\/\/www.norexpans.fr\/index.php\/wp-json\/wp\/v2\/pages\/3\/revisions"}],"predecessor-version":[{"id":1733,"href":"https:\/\/www.norexpans.fr\/index.php\/wp-json\/wp\/v2\/pages\/3\/revisions\/1733"}],"wp:attachment":[{"href":"https:\/\/www.norexpans.fr\/index.php\/wp-json\/wp\/v2\/media?parent=3"}],"curies":[{"name":"wp","href":"https:\/\/api.w.org\/{rel}","templated":true}]}}